{"id":35,"date":"2025-05-03T19:41:55","date_gmt":"2025-05-03T16:41:55","guid":{"rendered":"https:\/\/residence-estate.ge\/?page_id=35"},"modified":"2025-12-16T15:53:53","modified_gmt":"2025-12-16T12:53:53","slug":"privacy","status":"publish","type":"page","link":"https:\/\/residence-estate.ge\/tr\/privacy\/","title":{"rendered":"Gizlilik Politikas\u0131"},"content":{"rendered":"<h5 class=\"wp-block-heading\"><strong>Son g\u00fcncelleme: 10 Kas\u0131m 2025.<\/strong><\/h5>\n\n\n\n<p><strong>1. Giri\u015f<\/strong><\/p>\n\n\n\n<p>\"The Residence\" (The Residence 2025 LLC, TIN: 445773912) (bundan b\u00f6yle \"Biz\", \"Bizim\", \"\u015eirket\" olarak an\u0131lacakt\u0131r) gizlili\u011finize de\u011fer verir ve ki\u015fisel bilgilerinizi korumay\u0131 taahh\u00fct eder. Bu Gizlilik Politikas\u0131, web sitemizi kulland\u0131\u011f\u0131n\u0131zda bize sa\u011flad\u0131\u011f\u0131n\u0131z bilgileri nas\u0131l toplad\u0131\u011f\u0131m\u0131z, kulland\u0131\u011f\u0131m\u0131z, saklad\u0131\u011f\u0131m\u0131z ve korudu\u011fumuz hakk\u0131nda sizi bilgilendirir\u00a0<a href=\"https:\/\/residence-estate.ge\/tr\/\" target=\"_blank\" rel=\"noreferrer noopener\">https:\/\/residence-estate.ge<\/a>\u00a0(\"Site\").<\/p>\n\n\n\n<p>Sitemizi kullanarak, verilerinizin bu Politikaya uygun olarak toplanmas\u0131na ve kullan\u0131lmas\u0131na izin vermi\u015f olursunuz.<\/p>\n\n\n\n<p><strong>2. Hangi verileri topluyoruz<\/strong><\/p>\n\n\n\n<p>Yaln\u0131zca Sitedeki formlar\u0131 doldurarak bize do\u011frudan sa\u011flad\u0131\u011f\u0131n\u0131z verileri toplar\u0131z:<\/p>\n\n\n\n<ul class=\"wp-block-list\">\n<li><strong>\u0130leti\u015fim bilgileri:<\/strong>\u00a0\u0130leti\u015fim formlar\u0131n\u0131 doldururken Ad\u0131n\u0131z ve Telefon Numaran\u0131z (\u00f6rne\u011fin, Arama Sipari\u015fi Verin, \u00d6deme Hesaplay\u0131n, Fiyatlar\u0131 ve Yerle\u015fimleri Al\u0131n, Bir Nesne Se\u00e7in, Dan\u0131\u015fmanl\u0131k Al\u0131n, Bize Ula\u015f\u0131n b\u00f6l\u00fcm\u00fcndeki form).<\/li>\n\n\n\n<li><strong>Talepte yer alan bilgiler:<\/strong>\u00a0\"Sorunuzu a\u00e7\u0131klay\u0131n\" kutusunda verdi\u011finiz t\u00fcm ek ayr\u0131nt\u0131lar.<\/li>\n<\/ul>\n\n\n\n<p>Sitemiz arac\u0131l\u0131\u011f\u0131yla \u00f6zel kategorilerdeki ki\u015fisel verileri (pasaport veya banka kart\u0131 bilgileri gibi) toplam\u0131yoruz. Bu veriler, s\u00f6zle\u015fmenin imzalanmas\u0131 a\u015famas\u0131nda do\u011frudan y\u00f6netici taraf\u0131ndan talep edilir ve Site arac\u0131l\u0131\u011f\u0131yla otomatik olarak i\u015flenmez.<\/p>\n\n\n\n<p><strong>3. Verilerinizi nas\u0131l kullan\u0131yoruz<\/strong><\/p>\n\n\n\n<p>Toplanan bilgileri a\u015fa\u011f\u0131daki ama\u00e7lar i\u00e7in kullan\u0131r\u0131z:<\/p>\n\n\n\n<ul class=\"wp-block-list\">\n<li><strong>Hizmet Sa\u011flama:<\/strong>\u00a0Sorunuzla ilgili olarak sizinle ileti\u015fime ge\u00e7mek, m\u00fclkler hakk\u0131nda bilgi vermek, tavsiyelerde bulunmak, g\u00f6r\u00fcnt\u00fcleme d\u00fczenlemek ve \u00f6deme planlar\u0131n\u0131 hesaplamak i\u00e7in.<\/li>\n\n\n\n<li><strong>\u0130leti\u015fim:<\/strong>\u00a0Sorular\u0131n\u0131z\u0131 yan\u0131tlamak ve talep etti\u011finiz kataloglar\u0131 ve bilgileri size g\u00f6ndermek i\u00e7in.<\/li>\n\n\n\n<li><strong>Talep \u0130\u015fleme:<\/strong>\u00a0\u0130leti\u015fim bilgilerinizi y\u00f6neticilerimiz taraf\u0131ndan i\u015flenmek \u00fczere CRM sistemimize (kommo) aktarmak i\u00e7in.<\/li>\n\n\n\n<li><strong>Site \u0130yile\u015ftirme:<\/strong>\u00a0\u0130\u015flevselli\u011fini ve i\u00e7eri\u011fini geli\u015ftirmek amac\u0131yla Sitenin nas\u0131l kullan\u0131ld\u0131\u011f\u0131na ili\u015fkin anonim verileri analiz etmek.<\/li>\n<\/ul>\n\n\n\n<p><strong>4. Veri i\u015flemenin yasal dayana\u011f\u0131<\/strong><\/p>\n\n\n\n<p>Ki\u015fisel verilerinizi a\u015fa\u011f\u0131daki yasal dayanaklara g\u00f6re i\u015fliyoruz:<\/p>\n\n\n\n<ul class=\"wp-block-list\">\n<li>G\u00f6ndermeden \u00f6nce formdaki uygun kutuyu i\u015faretleyerek verdi\u011finiz a\u00e7\u0131k onay\u0131n\u0131z: 'formu g\u00f6ndererek ki\u015fisel verilerin i\u015flenmesine izin vermi\u015f olursunuz'.<\/li>\n\n\n\n<li>S\u00f6zle\u015fmenin y\u00fcr\u00fct\u00fclmesi (m\u00fclk se\u00e7imi ile ilgili talep edilen hizmetleri size sa\u011flamak i\u00e7in).<\/li>\n\n\n\n<li>Me\u015fru menfaatler (hak ve \u00f6zg\u00fcrl\u00fcklerinizin \u00f6n\u00fcne ge\u00e7memesi kayd\u0131yla Sitenin i\u015fleyi\u015fini ve g\u00fcvenli\u011fini analiz etmek i\u00e7in).<\/li>\n<\/ul>\n\n\n\n<p><strong>5. \u00c7erezler ve \u00fc\u00e7\u00fcnc\u00fc taraf hizmetleri<\/strong><\/p>\n\n\n\n<p>Sitemiz, cihaz\u0131n\u0131zda depolanan k\u00fc\u00e7\u00fck metin dosyalar\u0131 olan \u00e7erezleri kullan\u0131r. Siteyi kullan\u0131m\u0131n\u0131z\u0131 daha rahat ve i\u015flevsel hale getirmemize yard\u0131mc\u0131 olurlar.<\/p>\n\n\n\n<p><strong>Kullan\u0131lan \u00e7erez t\u00fcrleri ve hizmetler:<\/strong><\/p>\n\n\n\n<ul class=\"wp-block-list\">\n<li><strong>Kesinlikle gerekli:<\/strong>\u00a0Sitenin temel i\u015flevleri i\u00e7in gereklidir.<\/li>\n\n\n\n<li><strong>Analitik (Google Analytics 4, Yandex.Metrica):<\/strong>\u00a0Anonim istatistikler toplayarak ziyaret\u00e7ilerin Site ile nas\u0131l etkile\u015fimde bulundu\u011funu anlamam\u0131za yard\u0131mc\u0131 olur. Bu veriler anonimle\u015ftirilmi\u015ftir ve sizi tan\u0131mlamam\u0131za izin vermez.<\/li>\n\n\n\n<li><strong>\u0130\u015flevsel (SendPulse):<\/strong>\u00a0\u00c7evrimi\u00e7i sohbet odalar\u0131n\u0131 ve ileti\u015fimleri \u00e7al\u0131\u015ft\u0131rmak i\u00e7in kullan\u0131l\u0131r.<\/li>\n\n\n\n<li><strong>Kartografik (Google Haritalar):<\/strong>\u00a0M\u00fclklerin konumunu g\u00f6r\u00fcnt\u00fclemek i\u00e7in kullan\u0131l\u0131r.<\/li>\n<\/ul>\n\n\n\n<p>Siteyi ilk ziyaret etti\u011finizde, bir pop-up banner arac\u0131l\u0131\u011f\u0131yla \u00e7erez tercihlerinizi y\u00f6netebilirsiniz. \u00c7erez tercihlerinizi taray\u0131c\u0131n\u0131zda da \u00f6zelle\u015ftirebilirsiniz.<\/p>\n\n\n\n<p><strong>6. Verilerinizi kimlerle payla\u015f\u0131yoruz<\/strong><\/p>\n\n\n\n<p>A\u015fa\u011f\u0131daki durumlar haricinde ki\u015fisel verilerinizi \u00fc\u00e7\u00fcnc\u00fc taraflara satm\u0131yor veya ticaretini yapm\u0131yoruz:<\/p>\n\n\n\n<ul class=\"wp-block-list\">\n<li><strong>Hizmet Sa\u011flay\u0131c\u0131lar:<\/strong>\u00a0Bizim ad\u0131m\u0131za hizmetleri yerine getirmeleri i\u00e7in \u00fc\u00e7\u00fcnc\u00fc taraf \u015firketleri g\u00f6revlendiriyoruz:\n<ul class=\"wp-block-list\">\n<li><strong>Bar\u0131nd\u0131rma:<\/strong>\u00a0Hostinger.com (bar\u0131nd\u0131rma sa\u011flay\u0131c\u0131m\u0131z).<\/li>\n\n\n\n<li><strong>CRM sistemi:<\/strong>\u00a0Kommo (m\u00fc\u015fteri ili\u015fkileri y\u00f6netimi hizmeti). Ad\u0131n\u0131z ve telefon numaran\u0131z, talebinizi i\u015fleme koymak i\u00e7in bu sisteme aktar\u0131l\u0131r.<\/li>\n\n\n\n<li><strong>Analitik:<\/strong>\u00a0Google Analytics 4, Yandex.Metrica (yaln\u0131zca anonimle\u015ftirilmi\u015f bilgiler aktar\u0131l\u0131r).<\/li>\n\n\n\n<li><strong>\u0130leti\u015fim:<\/strong>\u00a0SendPulse (sohbet robotlar\u0131n\u0131n \u00e7al\u0131\u015fmas\u0131 i\u00e7in).<\/li>\n\n\n\n<li><strong>Pazarlama (potansiyel kullan\u0131m):<\/strong>\u00a0Mailchimp (yaln\u0131zca a\u00e7\u0131k izninizle e-posta b\u00fcltenleri i\u00e7in kullan\u0131labilir).<\/li>\n\n\n\n<li>Bu tedarik\u00e7ilerin i\u015flevlerini yerine getirmek i\u00e7in ihtiya\u00e7 duyduklar\u0131 verilere eri\u015fimleri vard\u0131r, ancak bunlar\u0131 ba\u015fka ama\u00e7larla kullanmalar\u0131 yasakt\u0131r.<\/li>\n<\/ul>\n<\/li>\n\n\n\n<li><strong>Yasal Y\u00fck\u00fcml\u00fcl\u00fckler:<\/strong>\u00a0Yasalar\u0131n gerektirmesi halinde veya resmi makamlar\u0131n ge\u00e7erli taleplerine yan\u0131t olarak bilgilerinizi if\u015fa edebiliriz.<\/li>\n<\/ul>\n\n\n\n<p><strong>7. Uluslararas\u0131 veri iletimi<\/strong><\/p>\n\n\n\n<p>Sitemiz fiziksel olarak Avrupa Ekonomik Alan\u0131 (AEA) i\u00e7indeki sunucularda bar\u0131nd\u0131r\u0131lmaktad\u0131r. Ancak, baz\u0131 hizmet sa\u011flay\u0131c\u0131lar\u0131m\u0131z (\u00f6rne\u011fin Kommo, Google, Yandex) verileri AEA d\u0131\u015f\u0131nda i\u015fleyebilir. Bu t\u00fcr aktar\u0131mlar\u0131n, verilerinizi korumak i\u00e7in Gizlilik Kalkan\u0131 sertifikas\u0131 (ABD i\u00e7in) veya Standart S\u00f6zle\u015fme Maddelerinin benimsenmesi gibi uygun yasal \u00f6nlemlerle yap\u0131lmas\u0131n\u0131 sa\u011fl\u0131yoruz.<\/p>\n\n\n\n<p><strong>8. Veri g\u00fcvenli\u011fi<\/strong><\/p>\n\n\n\n<p>Ki\u015fisel verilerinizi yetkisiz eri\u015fim, if\u015fa, de\u011fi\u015fiklik veya imhaya kar\u015f\u0131 korumak i\u00e7in uygun teknik ve organizasyonel g\u00fcvenlik \u00f6nlemlerini uyguluyoruz. Bu, g\u00fcvenli bar\u0131nd\u0131rma (Hostinger.com) ve g\u00fcvenli veri iletim kanallar\u0131n\u0131n kullan\u0131m\u0131n\u0131 i\u00e7erir.<\/p>\n\n\n\n<p><strong>9. Veri saklama s\u00fcresi<\/strong><\/p>\n\n\n\n<p>Yasal veya muhasebe y\u00fck\u00fcml\u00fcl\u00fcklerine uymak i\u00e7in daha uzun bir saklama s\u00fcresi gerekmedik\u00e7e, ki\u015fisel verilerinizi sizinle son ileti\u015fim tarihimizden itibaren \u00fc\u00e7 (3) y\u0131l boyunca saklayaca\u011f\u0131z.<\/p>\n\n\n\n<p><strong>10. Sizin haklar\u0131n\u0131z<\/strong><\/p>\n\n\n\n<p>Y\u00fcr\u00fcrl\u00fckteki veri koruma mevzuat\u0131 kapsam\u0131nda a\u015fa\u011f\u0131daki haklara sahipsiniz:<\/p>\n\n\n\n<ul class=\"wp-block-list\">\n<li><strong>Eri\u015fim hakk\u0131:<\/strong>\u00a0Hakk\u0131n\u0131zda tuttu\u011fumuz ki\u015fisel verilerin bir kopyas\u0131n\u0131 talep edebilirsiniz.<\/li>\n\n\n\n<li><strong>D\u00fczeltilme hakk\u0131:<\/strong>\u00a0Hakk\u0131n\u0131zda tuttu\u011fumuz yanl\u0131\u015f veya eksik verileri d\u00fczeltebilirsiniz.<\/li>\n\n\n\n<li><strong>Kald\u0131rma hakk\u0131 (\"Unutulma hakk\u0131\"):<\/strong>\u00a0Ki\u015fisel verilerinizin silinmesini talep edebilirsiniz.<\/li>\n\n\n\n<li><strong>\u0130\u015flemeyi k\u0131s\u0131tlama hakk\u0131:<\/strong>\u00a0Verilerinizin i\u015flenmesinin ask\u0131ya al\u0131nmas\u0131n\u0131 talep edebilirsiniz.<\/li>\n\n\n\n<li><strong>\u0130tiraz Hakk\u0131:<\/strong>\u00a0Verilerinizin i\u015flenmesine itiraz edebilirsiniz.<\/li>\n\n\n\n<li><strong>Veri ta\u015f\u0131nabilirli\u011fi hakk\u0131:<\/strong>\u00a0Verilerinizi yap\u0131land\u0131r\u0131lm\u0131\u015f, makine taraf\u0131ndan okunabilir bir formatta almay\u0131 talep edebilirsiniz.<\/li>\n\n\n\n<li><strong>R\u0131zay\u0131 geri \u00e7ekme hakk\u0131:<\/strong>\u00a0\u0130\u015fleme izninize dayan\u0131yorsa, bizimle ileti\u015fime ge\u00e7erek istedi\u011finiz zaman izninizi geri \u00e7ekebilirsiniz.<\/li>\n<\/ul>\n\n\n\n<p>Bu haklardan herhangi birini kullanmak i\u00e7in l\u00fctfen a\u015fa\u011f\u0131daki ileti\u015fim bilgilerini kullanarak bizimle ileti\u015fime ge\u00e7in.<\/p>\n\n\n\n<p><strong>11. \u0130leti\u015fim bilgileri<\/strong><\/p>\n\n\n\n<p>Bu Gizlilik Politikas\u0131 hakk\u0131nda herhangi bir sorunuz varsa veya haklar\u0131n\u0131z\u0131 kullanmak istiyorsan\u0131z, l\u00fctfen bizimle ileti\u015fime ge\u00e7in:<\/p>\n\n\n\n<ul class=\"wp-block-list\">\n<li><strong>E-posta:<\/strong>\u00a0mail@residence-estate.ge<\/li>\n\n\n\n<li><strong>Telefon:<\/strong>\u00a0+995 599 050 123<\/li>\n\n\n\n<li><strong>Yasal adres:<\/strong>\u00a0G\u00fcrcistan, 6004, Batum \u015fehri, Lech ve Maria Kaczynski Caddesi, 5b, kat 12, ofis 1204.<\/li>\n\n\n\n<li><strong>Fiziksel adres:<\/strong>\u00a0G\u00fcrcistan, Batum, Sherif Khimshiashvili Street, 1, ofis 1204.<\/li>\n<\/ul>\n\n\n\n<p><strong>12. Gizlilik Politikas\u0131nda yap\u0131lan de\u011fi\u015fiklikler<\/strong><\/p>\n\n\n\n<p>Bu Gizlilik Politikas\u0131n\u0131 istedi\u011fimiz zaman g\u00fcncelleme hakk\u0131m\u0131z sakl\u0131d\u0131r. Yeni Politikay\u0131 g\u00fcncellenmi\u015f bir \"Son G\u00fcncelleme\" tarihi ile bu sayfada yay\u0131nlayarak de\u011fi\u015fiklikleri size bildirece\u011fiz. G\u00fcncel bilgiler i\u00e7in bu sayfay\u0131 periyodik olarak g\u00f6zden ge\u00e7irmenizi \u00f6neririz.<\/p>","protected":false},"excerpt":{"rendered":"<p>Son g\u00fcncelleme: 10 Kas\u0131m 2025. 1. Giri\u015f Rezidans [...]<\/p>","protected":false},"author":1,"featured_media":0,"parent":0,"menu_order":0,"comment_status":"closed","ping_status":"closed","template":"templates\/text.php","meta":{"_acf_changed":false,"footnotes":""},"class_list":["post-35","page","type-page","status-publish","hentry"],"acf":[],"rankMath":{"parentDomain":"residence-estate.ge","noFollowDomains":[],"noFollowExcludeDomains":[],"noFollowExternalLinks":true,"featuredImageNotice":"\u00d6ne \u00e7\u0131kan g\u00f6rsel, Facebook ve di\u011fer sosyal medya siteleri taraf\u0131ndan al\u0131nabilmesi i\u00e7in en az 200 x 200 piksel olmal\u0131d\u0131r.","pluginReviewed":false,"postSettings":{"linkSuggestions":true,"useFocusKeyword":false},"frontEndScore":false,"postName":"privacy","permalinkFormat":"https:\/\/residence-estate.ge\/tr\/%pagename%\/","showLockModifiedDate":true,"assessor":{"focusKeywordLink":"https:\/\/residence-estate.ge\/wp-admin\/edit.php?focus_keyword=%focus_keyword%&post_type=%post_type%","hasTOCPlugin":{"luckywp-table-of-contents\/luckywp-table-of-contents.php":"LuckyWP \u0130\u00e7erik tablosu"},"primaryTaxonomy":false,"serpData":{"title":"","description":"","focusKeywords":"","pillarContent":false,"canonicalUrl":"","breadcrumbTitle":"","advancedRobots":{"max-snippet":"-1","max-video-preview":"-1","max-image-preview":"large"},"facebookTitle":"","facebookDescription":"","facebookImage":"","facebookImageID":"","facebookHasOverlay":false,"facebookImageOverlay":"","facebookAuthor":"","twitterCardType":"","twitterUseFacebook":true,"twitterTitle":"","twitterDescription":"","twitterImage":"","twitterImageID":"","twitterHasOverlay":false,"twitterImageOverlay":"","twitterPlayerUrl":"","twitterPlayerSize":"","twitterPlayerStream":"","twitterPlayerStreamCtype":"","twitterAppDescription":"","twitterAppIphoneName":"","twitterAppIphoneID":"","twitterAppIphoneUrl":"","twitterAppIpadName":"","twitterAppIpadID":"","twitterAppIpadUrl":"","twitterAppGoogleplayName":"","twitterAppGoogleplayID":"","twitterAppGoogleplayUrl":"","twitterAppCountry":"","robots":{"index":true},"twitterAuthor":"kullan\u0131c\u0131 ad\u0131","primaryTerm":0,"authorName":"admin-vseyrusi","titleTemplate":"%title% %sep% %sitename%","descriptionTemplate":"%excerpt%","showScoreFrontend":true,"lockModifiedDate":false},"powerWords":[],"diacritics":{"A":"[\\u0041\\u24B6\\uFF21\\u00C0\\u00C1\\u00C2\\u1EA6\\u1EA4\\u1EAA\\u1EA8\\u00C3\\u0100\\u0102\\u1EB0\\u1EAE\\u1EB4\\u1EB2\\u0226\\u01E0\\u00C4\\u01DE\\u1EA2\\u00C5\\u01FA\\u01CD\\u0200\\u0202\\u1EA0\\u1EAC\\u1EB6\\u1E00\\u0104\\u023A\\u2C6F]","AA":"[\\uA732]","AE":"[\\u00C6\\u01FC\\u01E2]","AO":"[\\uA734]","AU":"[\\uA736]","AV":"[\\uA738\\uA73A]","AY":"[\\uA73C]","B":"[\\u0042\\u24B7\\uFF22\\u1E02\\u1E04\\u1E06\\u0243\\u0182\\u0181]","C":"[\\u0043\\u24B8\\uFF23\\u0106\\u0108\\u010A\\u010C\\u00C7\\u1E08\\u0187\\u023B\\uA73E]","D":"[\\u0044\\u24B9\\uFF24\\u1E0A\\u010E\\u1E0C\\u1E10\\u1E12\\u1E0E\\u0110\\u018B\\u018A\\u0189\\uA779]","DZ":"[\\u01F1\\u01C4]","Dz":"[\\u01F2\\u01C5]","E":"[\\u0045\\u24BA\\uFF25\\u00C8\\u00C9\\u00CA\\u1EC0\\u1EBE\\u1EC4\\u1EC2\\u1EBC\\u0112\\u1E14\\u1E16\\u0114\\u0116\\u00CB\\u1EBA\\u011A\\u0204\\u0206\\u1EB8\\u1EC6\\u0228\\u1E1C\\u0118\\u1E18\\u1E1A\\u0190\\u018E]","F":"[\\u0046\\u24BB\\uFF26\\u1E1E\\u0191\\uA77B]","G":"[\\u0047\\u24BC\\uFF27\\u01F4\\u011C\\u1E20\\u011E\\u0120\\u01E6\\u0122\\u01E4\\u0193\\uA7A0\\uA77D\\uA77E]","H":"[\\u0048\\u24BD\\uFF28\\u0124\\u1E22\\u1E26\\u021E\\u1E24\\u1E28\\u1E2A\\u0126\\u2C67\\u2C75\\uA78D]","I":"[\\u0049\\u24BE\\uFF29\\u00CC\\u00CD\\u00CE\\u0128\\u012A\\u012C\\u0130\\u00CF\\u1E2E\\u1EC8\\u01CF\\u0208\\u020A\\u1ECA\\u012E\\u1E2C\\u0197]","J":"[\\u004A\\u24BF\\uFF2A\\u0134\\u0248]","K":"[\\u004B\\u24C0\\uFF2B\\u1E30\\u01E8\\u1E32\\u0136\\u1E34\\u0198\\u2C69\\uA740\\uA742\\uA744\\uA7A2]","L":"[\\u004C\\u24C1\\uFF2C\\u013F\\u0139\\u013D\\u1E36\\u1E38\\u013B\\u1E3C\\u1E3A\\u0141\\u023D\\u2C62\\u2C60\\uA748\\uA746\\uA780]","LJ":"[\\u01C7]","Lj":"[\\u01C8]","M":"[\\u004D\\u24C2\\uFF2D\\u1E3E\\u1E40\\u1E42\\u2C6E\\u019C]","N":"[\\u004E\\u24C3\\uFF2E\\u01F8\\u0143\\u00D1\\u1E44\\u0147\\u1E46\\u0145\\u1E4A\\u1E48\\u0220\\u019D\\uA790\\uA7A4]","NJ":"[\\u01CA]","Nj":"[\\u01CB]","O":"[\\u004F\\u24C4\\uFF2F\\u00D2\\u00D3\\u00D4\\u1ED2\\u1ED0\\u1ED6\\u1ED4\\u00D5\\u1E4C\\u022C\\u1E4E\\u014C\\u1E50\\u1E52\\u014E\\u022E\\u0230\\u00D6\\u022A\\u1ECE\\u0150\\u01D1\\u020C\\u020E\\u01A0\\u1EDC\\u1EDA\\u1EE0\\u1EDE\\u1EE2\\u1ECC\\u1ED8\\u01EA\\u01EC\\u00D8\\u01FE\\u0186\\u019F\\uA74A\\uA74C]","OI":"[\\u01A2]","OO":"[\\uA74E]","OU":"[\\u0222]","P":"[\\u0050\\u24C5\\uFF30\\u1E54\\u1E56\\u01A4\\u2C63\\uA750\\uA752\\uA754]","Q":"[\\u0051\\u24C6\\uFF31\\uA756\\uA758\\u024A]","R":"[\\u0052\\u24C7\\uFF32\\u0154\\u1E58\\u0158\\u0210\\u0212\\u1E5A\\u1E5C\\u0156\\u1E5E\\u024C\\u2C64\\uA75A\\uA7A6\\uA782]","S":"[\\u0053\\u24C8\\uFF33\\u1E9E\\u015A\\u1E64\\u015C\\u1E60\\u0160\\u1E66\\u1E62\\u1E68\\u0218\\u015E\\u2C7E\\uA7A8\\uA784]","T":"[\\u0054\\u24C9\\uFF34\\u1E6A\\u0164\\u1E6C\\u021A\\u0162\\u1E70\\u1E6E\\u0166\\u01AC\\u01AE\\u023E\\uA786]","TZ":"[\\uA728]","U":"[\\u0055\\u24CA\\uFF35\\u00D9\\u00DA\\u00DB\\u0168\\u1E78\\u016A\\u1E7A\\u016C\\u00DC\\u01DB\\u01D7\\u01D5\\u01D9\\u1EE6\\u016E\\u0170\\u01D3\\u0214\\u0216\\u01AF\\u1EEA\\u1EE8\\u1EEE\\u1EEC\\u1EF0\\u1EE4\\u1E72\\u0172\\u1E76\\u1E74\\u0244]","V":"[\\u0056\\u24CB\\uFF36\\u1E7C\\u1E7E\\u01B2\\uA75E\\u0245]","VY":"[\\uA760]","W":"[\\u0057\\u24CC\\uFF37\\u1E80\\u1E82\\u0174\\u1E86\\u1E84\\u1E88\\u2C72]","X":"[\\u0058\\u24CD\\uFF38\\u1E8A\\u1E8C]","Y":"[\\u0059\\u24CE\\uFF39\\u1EF2\\u00DD\\u0176\\u1EF8\\u0232\\u1E8E\\u0178\\u1EF6\\u1EF4\\u01B3\\u024E\\u1EFE]","Z":"[\\u005A\\u24CF\\uFF3A\\u0179\\u1E90\\u017B\\u017D\\u1E92\\u1E94\\u01B5\\u0224\\u2C7F\\u2C6B\\uA762]","a":"[\\u0061\\u24D0\\uFF41\\u1E9A\\u00E0\\u00E1\\u00E2\\u1EA7\\u1EA5\\u1EAB\\u1EA9\\u00E3\\u0101\\u0103\\u1EB1\\u1EAF\\u1EB5\\u1EB3\\u0227\\u01E1\\u00E4\\u01DF\\u1EA3\\u00E5\\u01FB\\u01CE\\u0201\\u0203\\u1EA1\\u1EAD\\u1EB7\\u1E01\\u0105\\u2C65\\u0250]","aa":"[\\uA733]","ae":"[\\u00E6\\u01FD\\u01E3]","ao":"[\\uA735]","au":"[\\uA737]","av":"[\\uA739\\uA73B]","ay":"[\\uA73D]","b":"[\\u0062\\u24D1\\uFF42\\u1E03\\u1E05\\u1E07\\u0180\\u0183\\u0253]","c":"[\\u0063\\u24D2\\uFF43\\u0107\\u0109\\u010B\\u010D\\u00E7\\u1E09\\u0188\\u023C\\uA73F\\u2184]","d":"[\\u0064\\u24D3\\uFF44\\u1E0B\\u010F\\u1E0D\\u1E11\\u1E13\\u1E0F\\u0111\\u018C\\u0256\\u0257\\uA77A]","dz":"[\\u01F3\\u01C6]","e":"[\\u0065\\u24D4\\uFF45\\u00E8\\u00E9\\u00EA\\u1EC1\\u1EBF\\u1EC5\\u1EC3\\u1EBD\\u0113\\u1E15\\u1E17\\u0115\\u0117\\u00EB\\u1EBB\\u011B\\u0205\\u0207\\u1EB9\\u1EC7\\u0229\\u1E1D\\u0119\\u1E19\\u1E1B\\u0247\\u025B\\u01DD]","f":"[\\u0066\\u24D5\\uFF46\\u1E1F\\u0192\\uA77C]","g":"[\\u0067\\u24D6\\uFF47\\u01F5\\u011D\\u1E21\\u011F\\u0121\\u01E7\\u0123\\u01E5\\u0260\\uA7A1\\u1D79\\uA77F]","h":"[\\u0068\\u24D7\\uFF48\\u0125\\u1E23\\u1E27\\u021F\\u1E25\\u1E29\\u1E2B\\u1E96\\u0127\\u2C68\\u2C76\\u0265]","hv":"[\\u0195]","i":"[\\u0069\\u24D8\\uFF49\\u00EC\\u00ED\\u00EE\\u0129\\u012B\\u012D\\u00EF\\u1E2F\\u1EC9\\u01D0\\u0209\\u020B\\u1ECB\\u012F\\u1E2D\\u0268\\u0131]","j":"[\\u006A\\u24D9\\uFF4A\\u0135\\u01F0\\u0249]","k":"[\\u006B\\u24DA\\uFF4B\\u1E31\\u01E9\\u1E33\\u0137\\u1E35\\u0199\\u2C6A\\uA741\\uA743\\uA745\\uA7A3]","l":"[\\u006C\\u24DB\\uFF4C\\u0140\\u013A\\u013E\\u1E37\\u1E39\\u013C\\u1E3D\\u1E3B\\u017F\\u0142\\u019A\\u026B\\u2C61\\uA749\\uA781\\uA747]","lj":"[\\u01C9]","m":"[\\u006D\\u24DC\\uFF4D\\u1E3F\\u1E41\\u1E43\\u0271\\u026F]","n":"[\\u006E\\u24DD\\uFF4E\\u01F9\\u0144\\u00F1\\u1E45\\u0148\\u1E47\\u0146\\u1E4B\\u1E49\\u019E\\u0272\\u0149\\uA791\\uA7A5]","nj":"[\\u01CC]","o":"[\\u006F\\u24DE\\uFF4F\\u00F2\\u00F3\\u00F4\\u1ED3\\u1ED1\\u1ED7\\u1ED5\\u00F5\\u1E4D\\u022D\\u1E4F\\u014D\\u1E51\\u1E53\\u014F\\u022F\\u0231\\u00F6\\u022B\\u1ECF\\u0151\\u01D2\\u020D\\u020F\\u01A1\\u1EDD\\u1EDB\\u1EE1\\u1EDF\\u1EE3\\u1ECD\\u1ED9\\u01EB\\u01ED\\u00F8\\u01FF\\u0254\\uA74B\\uA74D\\u0275]","oi":"[\\u01A3]","ou":"[\\u0223]","oo":"[\\uA74F]","p":"[\\u0070\\u24DF\\uFF50\\u1E55\\u1E57\\u01A5\\u1D7D\\uA751\\uA753\\uA755]","q":"[\\u0071\\u24E0\\uFF51\\u024B\\uA757\\uA759]","r":"[\\u0072\\u24E1\\uFF52\\u0155\\u1E59\\u0159\\u0211\\u0213\\u1E5B\\u1E5D\\u0157\\u1E5F\\u024D\\u027D\\uA75B\\uA7A7\\uA783]","s":"[\\u0073\\u24E2\\uFF53\\u015B\\u1E65\\u015D\\u1E61\\u0161\\u1E67\\u1E63\\u1E69\\u0219\\u015F\\u023F\\uA7A9\\uA785\\u1E9B]","ss":"[\\u00DF]","t":"[\\u0074\\u24E3\\uFF54\\u1E6B\\u1E97\\u0165\\u1E6D\\u021B\\u0163\\u1E71\\u1E6F\\u0167\\u01AD\\u0288\\u2C66\\uA787]","tz":"[\\uA729]","u":"[\\u0075\\u24E4\\uFF55\\u00F9\\u00FA\\u00FB\\u0169\\u1E79\\u016B\\u1E7B\\u016D\\u00FC\\u01DC\\u01D8\\u01D6\\u01DA\\u1EE7\\u016F\\u0171\\u01D4\\u0215\\u0217\\u01B0\\u1EEB\\u1EE9\\u1EEF\\u1EED\\u1EF1\\u1EE5\\u1E73\\u0173\\u1E77\\u1E75\\u0289]","v":"[\\u0076\\u24E5\\uFF56\\u1E7D\\u1E7F\\u028B\\uA75F\\u028C]","vy":"[\\uA761]","w":"[\\u0077\\u24E6\\uFF57\\u1E81\\u1E83\\u0175\\u1E87\\u1E85\\u1E98\\u1E89\\u2C73]","x":"[\\u0078\\u24E7\\uFF58\\u1E8B\\u1E8D]","y":"[\\u0079\\u24E8\\uFF59\\u1EF3\\u00FD\\u0177\\u1EF9\\u0233\\u1E8F\\u00FF\\u1EF7\\u1E99\\u1EF5\\u01B4\\u024F\\u1EFF]","z":"[\\u007A\\u24E9\\uFF5A\\u017A\\u1E91\\u017C\\u017E\\u1E93\\u1E95\\u01B6\\u0225\\u0240\\u2C6C\\uA763]"},"researchesTests":["contentHasTOC","contentHasShortParagraphs","contentHasAssets","keywordInTitle","keywordInMetaDescription","keywordInPermalink","keywordIn10Percent","keywordInContent","keywordInSubheadings","keywordInImageAlt","keywordDensity","keywordNotUsed","lengthContent","lengthPermalink","linksHasInternal","linksHasExternals","linksNotAllExternals","titleStartWithKeyword","titleSentiment","titleHasPowerWords","titleHasNumber","hasContentAI"],"hasRedirection":true,"hasBreadcrumb":true},"homeUrl":"https:\/\/residence-estate.ge\/tr","objectID":35,"objectType":"post","locale":"tr","localeFull":"tr_TR","overlayImages":{"play":{"name":"Oynatma simgesi","url":"https:\/\/residence-estate.ge\/wp-content\/plugins\/seo-by-rank-math\/assets\/admin\/img\/icon-play.png","path":"\/home\/u302904519\/domains\/residence-estate.ge\/public_html\/wp-content\/plugins\/seo-by-rank-math\/assets\/admin\/img\/icon-play.png","position":"middle_center"},"gif":{"name":"GIF simgesi","url":"https:\/\/residence-estate.ge\/wp-content\/plugins\/seo-by-rank-math\/assets\/admin\/img\/icon-gif.png","path":"\/home\/u302904519\/domains\/residence-estate.ge\/public_html\/wp-content\/plugins\/seo-by-rank-math\/assets\/admin\/img\/icon-gif.png","position":"middle_center"}},"defautOgImage":"https:\/\/residence-estate.ge\/wp-content\/plugins\/seo-by-rank-math\/assets\/admin\/img\/social-placeholder.jpg","customPermalinks":true,"isUserRegistered":false,"autoSuggestKeywords":false,"connectSiteUrl":"https:\/\/rankmath.com\/auth?site=https%3A%2F%2Fresidence-estate.ge%2Ftr&r=https%3A%2F%2Fresidence-estate.ge%2Ftr%2Fwp-json%2Fwp%2Fv2%2Fpages%2F35%3Fnonce%3Dedd0be7c9e","maxTags":5,"trendsIcon":"<svg viewBox=\"0 0 610 610\"><path d=\"M18.85,446,174.32,290.48l58.08,58.08L76.93,504a14.54,14.54,0,0,1-20.55,0L18.83,466.48a14.54,14.54,0,0,1,0-20.55Z\" style=\"fill:#4285f4\"\/><path d=\"M242.65,242.66,377.59,377.6l-47.75,47.75a14.54,14.54,0,0,1-20.55,0L174.37,290.43l47.75-47.75A14.52,14.52,0,0,1,242.65,242.66Z\" style=\"fill:#ea4335\"\/><polygon points=\"319.53 319.53 479.26 159.8 537.34 217.88 377.61 377.62 319.53 319.53\" style=\"fill:#fabb05\"\/><path d=\"M594.26,262.73V118.61h0a16.94,16.94,0,0,0-16.94-16.94H433.2a16.94,16.94,0,0,0-12,28.92L565.34,274.71h0a16.94,16.94,0,0,0,28.92-12Z\" style=\"fill:#34a853\"\/><rect width=\"610\" height=\"610\" style=\"fill:none\"\/><\/svg>","showScore":true,"siteFavIcon":"https:\/\/residence-estate.ge\/wp-content\/uploads\/2025\/05\/cropped-favicon-32x32.png","canUser":{"general":false,"advanced":false,"snippet":false,"social":false,"analysis":false,"analytics":false,"content_ai":false},"showKeywordIntent":true,"isPro":false,"is_front_page":false,"trendsUpgradeLink":"https:\/\/rankmath.com\/pricing\/?utm_source=Plugin&utm_medium=CE%20General%20Tab%20Trends&utm_campaign=WP","trendsUpgradeLabel":"Y\u00fckseltin","trendsPreviewImage":"https:\/\/residence-estate.ge\/wp-content\/plugins\/seo-by-rank-math\/assets\/admin\/img\/trends-preview.jpg","currentEditor":false,"homepageData":{"assessor":{"powerWords":[],"diacritics":true,"researchesTests":["contentHasTOC","contentHasShortParagraphs","contentHasAssets","keywordInTitle","keywordInMetaDescription","keywordInPermalink","keywordIn10Percent","keywordInContent","keywordInSubheadings","keywordInImageAlt","keywordDensity","keywordNotUsed","lengthContent","lengthPermalink","linksHasInternal","linksHasExternals","linksNotAllExternals","titleStartWithKeyword","titleSentiment","titleHasPowerWords","titleHasNumber","hasContentAI"],"hasBreadcrumb":true,"serpData":{"title":"%sitename% %page% %sep% %sitedesc%","description":"","titleTemplate":"%sitename% %page% %sep% %sitedesc%","descriptionTemplate":"","focusKeywords":"","breadcrumbTitle":"\u0413\u043b\u0430\u0432\u043d\u0430\u044f","robots":{"index":true},"advancedRobots":{"max-snippet":"-1","max-video-preview":"-1","max-image-preview":"large"},"facebookTitle":"","facebookDescription":"","facebookImage":"","facebookImageID":""}}},"tocTitle":"\u041e\u0433\u043b\u0430\u0432\u043b\u0435\u043d\u0438\u0435","tocExcludeHeadings":[],"listStyle":"ul"},"_links":{"self":[{"href":"https:\/\/residence-estate.ge\/tr\/wp-json\/wp\/v2\/pages\/35","targetHints":{"allow":["GET"]}}],"collection":[{"href":"https:\/\/residence-estate.ge\/tr\/wp-json\/wp\/v2\/pages"}],"about":[{"href":"https:\/\/residence-estate.ge\/tr\/wp-json\/wp\/v2\/types\/page"}],"author":[{"embeddable":true,"href":"https:\/\/residence-estate.ge\/tr\/wp-json\/wp\/v2\/users\/1"}],"replies":[{"embeddable":true,"href":"https:\/\/residence-estate.ge\/tr\/wp-json\/wp\/v2\/comments?post=35"}],"version-history":[{"count":1,"href":"https:\/\/residence-estate.ge\/tr\/wp-json\/wp\/v2\/pages\/35\/revisions"}],"predecessor-version":[{"id":4965,"href":"https:\/\/residence-estate.ge\/tr\/wp-json\/wp\/v2\/pages\/35\/revisions\/4965"}],"wp:attachment":[{"href":"https:\/\/residence-estate.ge\/tr\/wp-json\/wp\/v2\/media?parent=35"}],"curies":[{"name":"wp","href":"https:\/\/api.w.org\/{rel}","templated":true}]}}